{"id":416,"date":"2026-03-30T20:45:50","date_gmt":"2026-03-30T20:45:50","guid":{"rendered":"https:\/\/popean.com\/?page_id=416"},"modified":"2026-04-05T23:48:04","modified_gmt":"2026-04-05T20:48:04","slug":"research","status":"publish","type":"page","link":"https:\/\/popean.com\/?page_id=416","title":{"rendered":"Research"},"content":{"rendered":"\n<hr class=\"wp-block-separator has-alpha-channel-opacity\"\/>\n\n\n\n<ul class=\"wp-block-list\">\n<li>2026&nbsp;&nbsp;&nbsp; Mihai Popean, Ion Negril\u0103, C\u0103t\u0103lina C\u0103p\u0103\u021b\u00een\u0103, Anca Boengiu, Ortensia Zeman. The Apocalypse of Music: AI Music Generators. ICTMF vol 17, Nr. 1, pag. xx-xx. ISSN 2067-9408-2025. Under review.<\/li>\n\n\n\n<li>2025&nbsp;&nbsp;&nbsp; Mihai Popean, C\u0103t\u0103lina C\u0103p\u0103\u021b\u00een\u0103, Anca Boengiu. Technostress: Welcome to the Dark Side. ICTMF vol 16, Nr. 2, pag. 89-100. ISSN 2067-9408-2025. <a href=\"https:\/\/tic.edituramediamusica.ro\/reviste\/2025\/2\/ICTMF_ISSN_2067-9408_2025_vol_16_issue_2_pg_no_089-100_-_Popean_Capatina_Boengiu.pdf\">https:\/\/tic.edituramediamusica.ro\/reviste\/2025\/2\/ICTMF_ISSN_2067-9408_2025_vol_16_issue_2_pg_no_089-100_-_Popean_Capatina_Boengiu.pdf<\/a>. ISI-Q4 (ESCI).&nbsp;<\/li>\n\n\n\n<li>2025&nbsp;&nbsp;&nbsp;&nbsp;&nbsp;&nbsp; Anca Simion, Mihai Popean. Study on School Motivation and Learning Strategies for Primary School Learners in Arts-focused Vocational Schools and Regular Schools. Revista Rom\u00e2neasc\u0103 pentru Educa\u0163ie, 2025, Volume 17, Issue 4, pages: 690-712. Multidimensional\u0103. ISSN: 2066-7329 | e-ISSN: 2067-9270. DOI: https:\/\/doi.org\/10.18662\/rrem\/17.4\/1075 ISI- Q3<\/li>\n\n\n\n<li>2024&nbsp;&nbsp;&nbsp; Artistic Scientometry and the astri-index. Tehnologii informatice \u0219i de comunica\u021bie \u00een domeniul muzical. Vol. 15, no. 2, pag. 59-64. <a href=\"https:\/\/tic.edituramediamusica.ro\/reviste\/2024\/2\/ICTMF_ISSN_2067-9408_2024_vol_15_issue_2_pg_no_59-64%20-%20POPEAN.pdf\">https:\/\/tic.edituramediamusica.ro\/reviste\/2024\/2\/ICTMF_ISSN_2067-9408_2024_vol_15_issue_2_pg_no_59-64%20-%20POPEAN.pdf<\/a>. ISI-Q4 (ESCI)<\/li>\n\n\n\n<li>2024&nbsp;&nbsp;&nbsp; Patterned Sensory Enhancement, a Music Rehabilitation Therapy for Elderly Patients with Neuromotor Deficit during the COVID-19 Pandemic: A Pilot Study. Diseases 12, no. 1: 11. <a href=\"https:\/\/doi.org\/10.3390\/diseases12010011\">https:\/\/doi.org\/10.3390\/diseases12010011<\/a>. ISI-Q4 (ESCI)<\/li>\n\n\n\n<li>2023&nbsp;&nbsp;&nbsp;&nbsp; The Appocalypse of Authenticity: AI Faux Music. ICTMF, vol. 14, no. 2. ISSN 2067-9408.&nbsp; ISI-Q4 (ESCI)<\/li>\n\n\n\n<li>2023&nbsp;&nbsp;&nbsp;&nbsp; The Misunderstanding: An A.I. Music Technology Perspective on Show Flow in the Theater of the Future. ICTMF 2023. <a href=\"https:\/\/www.tic.edituramediamusica.ro\/reviste\/2023\/1\/07%20Mihai%20POPEAN%20-%20ICTMF_ISSN_2067-9408_2022_vol_14_issue_1.pdf\">https:\/\/www.tic.edituramediamusica.ro\/reviste\/2023\/1\/07%20Mihai%20POPEAN%20-%20ICTMF_ISSN_2067-9408_2022_vol_14_issue_1.pdf<\/a>&nbsp; ISI-Q4 (ESCI)<\/li>\n\n\n\n<li>2022&nbsp;&nbsp;&nbsp;&nbsp; The Impact of Piano Styles on Muscle Force in Pianist Students. Symmetry 2022, 14, 1927. <a href=\"https:\/\/doi.org\/10.3390\/sym14091927\">https:\/\/doi.org\/10.3390\/sym14091927<\/a>. ISI Q3<\/li>\n\n\n\n<li>2022&nbsp;&nbsp;&nbsp;&nbsp; Modern Amnesia: Pondering the AI Misconception. ICTMF Vol. XIV, nr.1\/2022. Cluj-Napoca: Media Musica Publishing, 2022. Print ISSN 2067-9408. On-line ISSN 2069-654X. BDI <a href=\"http:\/\/www.tic.edituramediamusica.ro\/reviste\/2022\/1\/ICTMF_ISSN_2067-9408_2022_vol_13_issue_1_pg_no_075-084.pdf\">http:\/\/www.tic.edituramediamusica.ro\/reviste\/2022\/1\/ICTMF_ISSN_2067-9408_2022_vol_13_issue_1_pg_no_075-084.pdf<\/a>. ISI-Q4 (ESCI)<\/li>\n\n\n\n<li>2022&nbsp;&nbsp;&nbsp;&nbsp; Electromyography-based investigation of bilateral extensor digitorum communis, abductor digiti minimi, and abductor pollicis brevis of a pianist, after performing Scarlatti\u2019s Baroque Sonata K.1. Music Cognition, Vol. 1\/2022. Cluj-Napoca: Media Musica Publishing, 2022. ISBN 978-606-645-079-9. BDI <a href=\"https:\/\/cognitiemuzicala.edituramediamusica.ro\/issues\/2022\/Music_Cognition_ISSN_2601-3193_2022_issue_5_pg_no_066-079.pdf\">https:\/\/cognitiemuzicala.edituramediamusica.ro\/issues\/2022\/Music_Cognition_ISSN_2601-3193_2022_issue_5_pg_no_066-079.pdf<\/a>&nbsp;<\/li>\n\n\n\n<li>Creation Without Symbols: Aus den Sieben Tagen. The Romanian Journal of Music and Medicine, Nr. 4\/2021, pp. 57-65. BDI <a href=\"https:\/\/www.ceeol.com\/search\/article-detail?id=1006796\">https:\/\/www.ceeol.com\/search\/article-detail?id=1006796<\/a>.<\/li>\n\n\n\n<li>2021&nbsp;&nbsp;&nbsp;&nbsp; Effects of the Repertoire on the Musculoskeletal System in both High-School and Expert Pianists. Music Cognition, Vol. 1\/2021. Cluj-Napoca: Media Musica Publishing, 2021. ISBN 978-606-645-079-9. BDI <a href=\"https:\/\/www.ceeol.com\/search\/article-detail?id=980434\">https:\/\/www.ceeol.com\/search\/article-detail?id=980434<\/a><\/li>\n\n\n\n<li>2021&nbsp;&nbsp;&nbsp;&nbsp; Towards an AI-driven paradigm: Composition and Improvisation with Live Electronics, a Possible Contribution to Modern Music Education. ICTMF Vol. XIII, nr.1\/2021. Cluj-Napoca: Media Musica Publishing, 2019. Print ISSN 2067-9408. On-line ISSN 2069-654X. ISI-Q4 (ESCI) <a href=\"https:\/\/www.webofscience.com\/wos\/woscc\/full-record\/WOS:000640228100004\">https:\/\/www.webofscience.com\/wos\/woscc\/full-record\/WOS:000640228100004<\/a>&nbsp;<\/li>\n\n\n\n<li>2020&nbsp;&nbsp;&nbsp;&nbsp; A Descent into the Maelstr\u00f6m: The Promised Land of A.I. ICTMF Vol. XII, nr.1\/2020. Cluj-Napoca: Editura Media Musica, 2020. Print ISSN 2067-9408. On-line ISSN 2069-654X. ISI-Q4 (ESCI) <a href=\"https:\/\/www.webofscience.com\/wos\/woscc\/full-record\/WOS:000532622600004\">https:\/\/www.webofscience.com\/wos\/woscc\/full-record\/WOS:000532622600004<\/a><\/li>\n\n\n\n<li>2020&nbsp;&nbsp;&nbsp;&nbsp; Who Cares if You Listen: Reloaded. RevART nr.1\/2020. ISSN 1841-1169. BDI <a href=\"https:\/\/www.ceeol.com\/search\/article-detail?id=837529\">https:\/\/www.ceeol.com\/search\/article-detail?id=837529<\/a><\/li>\n\n\n\n<li>2020&nbsp;&nbsp;&nbsp;&nbsp; Musculoskeletal Aspects in Measurement-Based Studies on Pianists\u2019 Posture and Movement: A Systematic Review, Music Cognition nr. 1\/2020. ISSN 2601-3193, Cluj-Napoca. BDI <a href=\"https:\/\/www.ceeol.com\/search\/article-detail?id=980434\">https:\/\/www.ceeol.com\/search\/article-detail?id=980434<\/a><\/li>\n\n\n\n<li>2019 &nbsp;&nbsp;&nbsp;&nbsp;&nbsp; Improvisation as a Modulatory Agent for Adaptive Algorithm Development in Music Visual Programming Using an A.I. Hybrid. ICTMF Vol. XI, nr.1\/2019. Cluj-Napoca: Editura Media Musica, 2019. Print ISSN 2067-9408. On-line ISSN 2069-654X. ISI-Q4 (ESCI) <a href=\"https:\/\/www.webofscience.com\/wos\/woscc\/full-record\/WOS:000501587800008\">https:\/\/www.webofscience.com\/wos\/woscc\/full-record\/WOS:000501587800008<\/a><\/li>\n\n\n\n<li>2019 &nbsp;&nbsp;&nbsp;&nbsp;&nbsp; The modulatory effect of meditation on emotional well-being, behavior management and brain activity for music cognition research. Music Cognition, Vol. 3\/2019. Cluj-Napoca: Editura Media Musica, 2019. ISBN 978-606-645-079-9. BDI <a href=\"https:\/\/www.ceeol.com\/search\/article-detail?id=883920\">https:\/\/www.ceeol.com\/search\/article-detail?id=883920<\/a><\/li>\n\n\n\n<li>2018&nbsp;&nbsp;&nbsp;&nbsp;&nbsp;&nbsp; The Death of the Author in the Digital Age: An Essay on the Reclusive Anonymous. ICTMF Vol. IX, nr.2\/2018, \u00een curs de publicare online. Cluj-Napoca: Editura Media Musica, 2018. Print ISSN 2067-9408. On-line ISSN 2069-654X. ISI-Q4 (ESCI). <a href=\"https:\/\/www.webofscience.com\/wos\/woscc\/full-record\/WOS:000454320400004\">https:\/\/www.webofscience.com\/wos\/woscc\/full-record\/WOS:000454320400004<\/a> &nbsp;&nbsp;<\/li>\n\n\n\n<li>2018 &nbsp;&nbsp;&nbsp;&nbsp;&nbsp; Algorithm Applications in Music Education as part of General Aicology. ICTMF Vol. IX, nr.1\/2018, pag. 7-15. Cluj-Napoca: Editura Media Musica, 2017. Print ISSN 2067-9408. On-line ISSN 2069-654X ISI-Q4 (ESCI). <a href=\"https:\/\/www.webofscience.com\/wos\/woscc\/full-record\/WOS:000439080000001\">https:\/\/www.webofscience.com\/wos\/woscc\/full-record\/WOS:000439080000001<\/a>&nbsp;&nbsp;&nbsp;<\/li>\n\n\n\n<li>2018&nbsp;&nbsp;&nbsp;&nbsp;&nbsp;&nbsp; A Matter of Taste: A Preliminary Study on Music and Food Choice among Students. Music Cognition, nr. 1\/2018, pag. 5-13. Cluj-Napoca: Editura Media Musica, 2018. ISBN 978-606-645-079-9. BDI. <a href=\"https:\/\/www.ceeol.com\/search\/article-detail?id=728249\">https:\/\/www.ceeol.com\/search\/article-detail?id=728249<\/a>&nbsp;<\/li>\n\n\n\n<li>2018 &nbsp;&nbsp;&nbsp;&nbsp;&nbsp; Teaching for Transfer: Improving Beginner Student Viola Performance by Implementing the Think-Set-Play Sequence. Music Cognition, nr. 1\/2018, pag. 84-92. Cluj-Napoca: Editura Media Musica, 2017. ISBN 978-606-645-079-9. BDI. <a href=\"https:\/\/www.ceeol.com\/search\/article-detail?id=728267\">https:\/\/www.ceeol.com\/search\/article-detail?id=728267<\/a>&nbsp;<\/li>\n\n\n\n<li>2017&nbsp;&nbsp;&nbsp;&nbsp;&nbsp;&nbsp; Scribe: Statistical Analysis of Methodological Parameters in Instrumental Training Process. ICTMF Vol. VIII, nr. 2\/2017, pag. 45-55. Cluj-Napoca: Editura Media Musica, 2017. Print ISSN 2067-9408. On-line ISSN 2069-654X. ISI-Q4 (ESCI). <a href=\"https:\/\/www.webofscience.com\/wos\/woscc\/full-record\/WOS:000439078200005\">https:\/\/www.webofscience.com\/wos\/woscc\/full-record\/WOS:000439078200005<\/a>&nbsp;<\/li>\n\n\n\n<li>2017&nbsp;&nbsp;&nbsp;&nbsp;&nbsp;&nbsp; The Effect of Relaxation Techniques on Student Music Sight-Reading and Short-Term Learning under Test-Induced Performance Anxiety. Music Cognition, Vol. I, nr. 1\/2017, pag. 1-10. Cluj-Napoca: Editura Media Musica, 2017. ISBN 978-606-645-079-9. BDI. <a href=\"https:\/\/www.ceeol.com\/search\/article-detail?id=603062\">https:\/\/www.ceeol.com\/search\/article-detail?id=603062<\/a>&nbsp;<\/li>\n\n\n\n<li>2016&nbsp;&nbsp;&nbsp;&nbsp;&nbsp;&nbsp; The development of new instruments for interdisciplinary research in music cognition: IT Solutions based on Cycling \u201974 Max or Pure Data. ICTMF Vol. VII, nr. 2\/2016, pag. 43-50. Cluj-Napoca: Editura Media Musica, 2016. Print ISSN 2067-9408. On-line ISSN 2069-654X. ISI-Q4 (ESCI). <a href=\"https:\/\/www.webofscience.com\/wos\/woscc\/full-record\/WOS:000409195100005\">https:\/\/www.webofscience.com\/wos\/woscc\/full-record\/WOS:000409195100005<\/a>&nbsp;<\/li>\n\n\n\n<li>2016&nbsp;&nbsp;&nbsp;&nbsp;&nbsp;&nbsp; Cycling \u201974 Max, a Cross-Curricular Educational Platform. ICTMF Vol. VII, nr. 1\/2016, pag. 7-16. Cluj-Napoca: Editura Media Musica, 2016. Print ISSN 2067-9408. On-line ISSN 2069-654X. ISI-Q4 (ESCI) <a href=\"https:\/\/www.webofscience.com\/wos\/woscc\/full-record\/WOS:000409194600001\">https:\/\/www.webofscience.com\/wos\/woscc\/full-record\/WOS:000409194600001<\/a><\/li>\n<\/ul>\n\n\n\n<p>EARLY MUSIC TRANSCRIPTIONS<\/p>\n\n\n\n<ul class=\"wp-block-list\">\n<li>Facsimile 1:&nbsp;<a href=\"http:\/\/mihai.popean.com\/wp-content\/uploads\/2021\/04\/Popean-Transcription-Facsimile-1.pdf\" target=\"_blank\" rel=\"noreferrer noopener\">Recerchari, motetti, canzoni, Marcantonio da Bologna<\/a>&nbsp;(Venice, 1523).<\/li>\n\n\n\n<li>Facsimile 7a:&nbsp;<a href=\"http:\/\/mihai.popean.com\/wp-content\/uploads\/2021\/04\/Popean-Transcription-Facsimile-7a.pdf\" target=\"_blank\" rel=\"noreferrer noopener\">Boumgartner<\/a>&nbsp;(1450-1550, German Organ Tablature).<\/li>\n\n\n\n<li>Facsimile 18:&nbsp;<a href=\"http:\/\/mihai.popean.com\/wp-content\/uploads\/2021\/04\/Popean-Transcription-Facsimile-18.pdf\" target=\"_blank\" rel=\"noreferrer noopener\">El Maestro, Luis de Milan<\/a>&nbsp;(Libro de musica de vuhuela de mano, Valencia, 1535, Spanish Lute Tablature).<\/li>\n\n\n\n<li>Facsimile 19a:&nbsp;<a href=\"http:\/\/mihai.popean.com\/wp-content\/uploads\/2021\/04\/Popean-Transcription-Facsimile-19a.pdf\" target=\"_blank\" rel=\"noreferrer noopener\">Ein guter geringer Hofftanz<\/a>.<\/li>\n\n\n\n<li>Facsimile 20:&nbsp;<a href=\"http:\/\/mihai.popean.com\/wp-content\/uploads\/2021\/04\/Popean-Transcription-Facsimile-20.pdf\" target=\"_blank\" rel=\"noreferrer noopener\">La rhetorique des dieux, Denis Gaultier<\/a>&nbsp;(Berlin, Kupferstichkabinett Ms.142; ca. 1650).<\/li>\n\n\n\n<li>Facsimile 23a:&nbsp;<a href=\"http:\/\/mihai.popean.com\/wp-content\/uploads\/2021\/04\/Popean-Transcription-Facsimile-23a.pdf.pdf\" target=\"_blank\" rel=\"noreferrer noopener\">Quel fronte signorille in paradiso, Guillaume du Fay.<\/a><\/li>\n\n\n\n<li>Facsimile 23b:&nbsp;<a href=\"http:\/\/mihai.popean.com\/wp-content\/uploads\/2021\/04\/Popean-Transcription-Facsimile-23b.pdf\" target=\"_blank\" rel=\"noreferrer noopener\">Dona i ardenti rai, Guillermus Dufay<\/a>.<\/li>\n\n\n\n<li>Facsimile 27:&nbsp;<a href=\"http:\/\/mihai.popean.com\/wp-content\/uploads\/2021\/04\/Popean-Transcription-Facsimile-27.pdf\" target=\"_blank\" rel=\"noreferrer noopener\">Guillaume Du Fay<\/a>.<\/li>\n\n\n\n<li>Facsimile 28:&nbsp;<a href=\"http:\/\/mihai.popean.com\/wp-content\/uploads\/2021\/04\/Popean-Transcription-Facsimile-28.pdf\" target=\"_blank\" rel=\"noreferrer noopener\">Anima Mea<\/a>&nbsp;(MS Florence, Biblioteca Nazionale Magl. XIX. 112 bis, late XV cent.).<\/li>\n\n\n\n<li>Facsimile 31:&nbsp;<a href=\"http:\/\/mihai.popean.com\/wp-content\/uploads\/2021\/04\/Popean-Transcription-Facsimile-31.pdf\" target=\"_blank\" rel=\"noreferrer noopener\">Ce reusse fait, Hugo de Lantius<\/a>.<\/li>\n\n\n\n<li>Facsimile 46:&nbsp;<a href=\"http:\/\/mihai.popean.com\/wp-content\/uploads\/2021\/04\/Popean-Transcription-Facsimile-46.pdf\" target=\"_blank\" rel=\"noreferrer noopener\">Modal Notation<\/a>&nbsp;(MS Florence, Biblioteca Medicea-Laurenziana; XIII cent.).<\/li>\n\n\n\n<li>Facsimile 47, 48:&nbsp;<a href=\"http:\/\/mihai.popean.com\/wp-content\/uploads\/2021\/04\/Popean-Transcription-Facsimile-47-48.pdf\" target=\"_blank\" rel=\"noreferrer noopener\">Pass\u2019e mezo a la bolognesa, Giovanni Maria da Crema<\/a>.<\/li>\n\n\n\n<li>Facsimile:&nbsp;<a href=\"http:\/\/mihai.popean.com\/wp-content\/uploads\/2021\/04\/Popean-Transcription-Air-DuBailly.pdf\" target=\"_blank\" rel=\"noreferrer noopener\">Air (Passacalle, La Folie), Du Bailly<\/a>.<\/li>\n\n\n\n<li>Facsimile 49:&nbsp;<a href=\"http:\/\/mihai.popean.com\/wp-content\/uploads\/2021\/04\/Popean-Transcription-Facsimile-49.pdf\" target=\"_blank\" rel=\"noreferrer noopener\">Clausula Benedicamus domino<\/a>.<\/li>\n\n\n\n<li>Facsimile 54b:&nbsp;<a href=\"http:\/\/mihai.popean.com\/wp-content\/uploads\/2021\/04\/Popean-Transcription-Facsimile-54b.pdf\" target=\"_blank\" rel=\"noreferrer noopener\">Motet Chansonnier Roy<\/a>.<\/li>\n\n\n\n<li>Facsimile 57:&nbsp;<a href=\"http:\/\/mihai.popean.com\/wp-content\/uploads\/2021\/04\/Popean-Transcription-Facsimile-57.pdf\" target=\"_blank\" rel=\"noreferrer noopener\">Motet: Candida Virginitas, Flos Filius<\/a>&nbsp;(London British Museum, XIII cent.)<\/li>\n\n\n\n<li>Facsimile 60:&nbsp;<a href=\"http:\/\/mihai.popean.com\/wp-content\/uploads\/2021\/04\/Popean-Transcription-Facsimile-60.pdf\" target=\"_blank\" rel=\"noreferrer noopener\">Motet: Mout me fu grief<\/a><\/li>\n\n\n\n<li>Facsimile 64b:&nbsp;<a href=\"http:\/\/mihai.popean.com\/wp-content\/uploads\/2021\/04\/Popean-Transcription-Facsimile-64b.pdf\" target=\"_blank\" rel=\"noreferrer noopener\">MS Montpellier, Faculte des Medicines<\/a>&nbsp;(XXXIII cent.)<\/li>\n\n\n\n<li>Facsimile:&nbsp;<a href=\"http:\/\/mihai.popean.com\/wp-content\/uploads\/2021\/04\/Popean-Transcription-Cantus-V-Campion.pdf\" target=\"_blank\" rel=\"noreferrer noopener\">Cantus V, Thomas Campion<\/a>.<\/li>\n\n\n\n<li>Facsimile:&nbsp;<a href=\"http:\/\/mihai.popean.com\/wp-content\/uploads\/2021\/04\/Cantus-XV-diplomatic-version.pdf\" target=\"_blank\" rel=\"noreferrer noopener\">Cantus XV, Thomas Campion<\/a>.<\/li>\n\n\n\n<li>Facsimile:&nbsp;<a href=\"http:\/\/mihai.popean.com\/wp-content\/uploads\/2021\/04\/Popean-Transcription-Cantus-XIX-Campion.pdf\" target=\"_blank\" rel=\"noreferrer noopener\">Cantus XIX, Thomas Campion<\/a>.<\/li>\n\n\n\n<li>Facsimile:&nbsp;<a href=\"http:\/\/mihai.popean.com\/wp-content\/uploads\/2021\/04\/Popean-Transcription-Cantus-XXVIII-Campion.pdf\" target=\"_blank\" rel=\"noreferrer noopener\">Cantus XXVIII, Thomas Campion<\/a>.<\/li>\n\n\n\n<li>Facsimile:&nbsp;<a href=\"http:\/\/mihai.popean.com\/wp-content\/uploads\/2021\/04\/Popean-Transcription-Je-Demande.pdf\" target=\"_blank\" rel=\"noreferrer noopener\">Je Demande, Machaud<\/a>.<\/li>\n\n\n\n<li>Facsimile:&nbsp;<a href=\"http:\/\/mihai.popean.com\/wp-content\/uploads\/2021\/04\/Popean-Transcription-Regina-Caelorum-Du-Fay.pdf\" target=\"_blank\" rel=\"noreferrer noopener\">Regina Caelorum, Du Fay<\/a>.<\/li>\n\n\n\n<li>Facsimile:&nbsp;<a href=\"http:\/\/mihai.popean.com\/wp-content\/uploads\/2021\/04\/Popean-Transcription-Tres-douce-dame-Machaud.pdf\" target=\"_blank\" rel=\"noreferrer noopener\">Tres douce dame, Guillaume de Machau.<\/a><\/li>\n<\/ul>\n","protected":false},"excerpt":{"rendered":"<p>EARLY MUSIC TRANSCRIPTIONS<\/p>\n","protected":false},"author":1,"featured_media":0,"parent":0,"menu_order":0,"comment_status":"closed","ping_status":"closed","template":"","meta":{"footnotes":""},"class_list":["post-416","page","type-page","status-publish","hentry"],"_links":{"self":[{"href":"https:\/\/popean.com\/index.php?rest_route=\/wp\/v2\/pages\/416","targetHints":{"allow":["GET"]}}],"collection":[{"href":"https:\/\/popean.com\/index.php?rest_route=\/wp\/v2\/pages"}],"about":[{"href":"https:\/\/popean.com\/index.php?rest_route=\/wp\/v2\/types\/page"}],"author":[{"embeddable":true,"href":"https:\/\/popean.com\/index.php?rest_route=\/wp\/v2\/users\/1"}],"replies":[{"embeddable":true,"href":"https:\/\/popean.com\/index.php?rest_route=%2Fwp%2Fv2%2Fcomments&post=416"}],"version-history":[{"count":6,"href":"https:\/\/popean.com\/index.php?rest_route=\/wp\/v2\/pages\/416\/revisions"}],"predecessor-version":[{"id":651,"href":"https:\/\/popean.com\/index.php?rest_route=\/wp\/v2\/pages\/416\/revisions\/651"}],"wp:attachment":[{"href":"https:\/\/popean.com\/index.php?rest_route=%2Fwp%2Fv2%2Fmedia&parent=416"}],"curies":[{"name":"wp","href":"https:\/\/api.w.org\/{rel}","templated":true}]}}